{"id":8226,"date":"2020-10-09T13:39:05","date_gmt":"2020-10-09T13:39:05","guid":{"rendered":"https:\/\/thelastboot.com\/ueber\/"},"modified":"2026-04-20T14:23:53","modified_gmt":"2026-04-20T14:23:53","slug":"ueber","status":"publish","type":"page","link":"https:\/\/thelastboot.com\/de\/ueber\/","title":{"rendered":"\u00dcber"},"content":{"rendered":"\t\t<div data-elementor-type=\"wp-post\" data-elementor-id=\"8226\" class=\"elementor elementor-8226 elementor-1004\">\n\t\t\t\t\t\t<section class=\"elementor-section elementor-top-section elementor-element elementor-element-28d7a9a8 elementor-section-stretched elementor-section-boxed elementor-section-height-default elementor-section-height-default\" data-id=\"28d7a9a8\" data-element_type=\"section\" data-e-type=\"section\" data-settings=\"{&quot;stretch_section&quot;:&quot;section-stretched&quot;,&quot;background_background&quot;:&quot;classic&quot;}\">\n\t\t\t\t\t\t\t<div class=\"elementor-background-overlay\"><\/div>\n\t\t\t\t\t\t\t<div class=\"elementor-container elementor-column-gap-no\">\n\t\t\t\t\t<div class=\"elementor-column elementor-col-100 elementor-top-column elementor-element elementor-element-585bfc6d\" data-id=\"585bfc6d\" data-element_type=\"column\" data-e-type=\"column\">\n\t\t\t<div class=\"elementor-widget-wrap elementor-element-populated\">\n\t\t\t\t\t\t<section class=\"elementor-section elementor-inner-section elementor-element elementor-element-35cbf0ea elementor-section-boxed elementor-section-height-default elementor-section-height-default\" data-id=\"35cbf0ea\" data-element_type=\"section\" data-e-type=\"section\">\n\t\t\t\t\t\t<div class=\"elementor-container elementor-column-gap-default\">\n\t\t\t\t\t<div class=\"elementor-column elementor-col-50 elementor-inner-column elementor-element elementor-element-26a1609a\" data-id=\"26a1609a\" data-element_type=\"column\" data-e-type=\"column\" data-settings=\"{&quot;background_background&quot;:&quot;classic&quot;}\">\n\t\t\t<div class=\"elementor-widget-wrap elementor-element-populated\">\n\t\t\t\t\t\t<div class=\"elementor-element elementor-element-64a60170 elementor-invisible elementor-widget elementor-widget-heading\" data-id=\"64a60170\" data-element_type=\"widget\" data-e-type=\"widget\" data-settings=\"{&quot;_animation&quot;:&quot;fadeInUp&quot;}\" data-widget_type=\"heading.default\">\n\t\t\t\t\t<h1 class=\"elementor-heading-title elementor-size-default\">\u00dcber uns<\/h1>\t\t\t\t<\/div>\n\t\t\t\t<div class=\"elementor-element elementor-element-3a6d1332 elementor-invisible elementor-widget elementor-widget-heading\" data-id=\"3a6d1332\" data-element_type=\"widget\" data-e-type=\"widget\" data-settings=\"{&quot;_animation&quot;:&quot;fadeInDown&quot;}\" data-widget_type=\"heading.default\">\n\t\t\t\t\t<h2 class=\"elementor-heading-title elementor-size-default\">Wir bieten Stiefel f\u00fcr den echten Einsatz \u2013 in Europa gefertigt, nach Langlebigkeit ausgew\u00e4hlt und so konzipiert, dass man sich auf sie verlassen kann, lange nachdem Trends vergangen sind.<\/h2>\t\t\t\t<\/div>\n\t\t\t\t\t<\/div>\n\t\t<\/div>\n\t\t\t\t<div class=\"elementor-column elementor-col-50 elementor-inner-column elementor-element elementor-element-bf6295e\" data-id=\"bf6295e\" data-element_type=\"column\" data-e-type=\"column\">\n\t\t\t<div class=\"elementor-widget-wrap\">\n\t\t\t\t\t\t\t<\/div>\n\t\t<\/div>\n\t\t\t\t\t<\/div>\n\t\t<\/section>\n\t\t\t\t\t<\/div>\n\t\t<\/div>\n\t\t\t\t\t<\/div>\n\t\t<\/section>\n\t\t\t\t<section class=\"elementor-section elementor-top-section elementor-element elementor-element-983905d elementor-section-boxed elementor-section-height-default elementor-section-height-default\" data-id=\"983905d\" data-element_type=\"section\" data-e-type=\"section\">\n\t\t\t\t\t\t<div class=\"elementor-container elementor-column-gap-wider\">\n\t\t\t\t\t<div class=\"elementor-column elementor-col-50 elementor-top-column elementor-element elementor-element-7310116 elementor-invisible\" data-id=\"7310116\" data-element_type=\"column\" data-e-type=\"column\" data-settings=\"{&quot;animation&quot;:&quot;fadeIn&quot;}\">\n\t\t\t<div class=\"elementor-widget-wrap elementor-element-populated\">\n\t\t\t\t\t\t<div class=\"elementor-element elementor-element-5867941f elementor-widget elementor-widget-heading\" data-id=\"5867941f\" data-element_type=\"widget\" data-e-type=\"widget\" data-widget_type=\"heading.default\">\n\t\t\t\t\t<h6 class=\"elementor-heading-title elementor-size-default\">Nach der Abkehr von Wegwerf-Schuhwerk<\/h6>\t\t\t\t<\/div>\n\t\t\t\t<div class=\"elementor-element elementor-element-3d3af9e7 title-left elementor-widget elementor-widget-heading\" data-id=\"3d3af9e7\" data-element_type=\"widget\" data-e-type=\"widget\" data-widget_type=\"heading.default\">\n\t\t\t\t\t<h2 class=\"elementor-heading-title elementor-size-default\">Stiefel sind keine Mode. Sie sind Ausr\u00fcstung<\/h2>\t\t\t\t<\/div>\n\t\t\t\t<div class=\"elementor-element elementor-element-e710402 elementor-widget elementor-widget-text-editor\" data-id=\"e710402\" data-element_type=\"widget\" data-e-type=\"widget\" data-widget_type=\"text-editor.default\">\n\t\t\t\t\t\t\t\t\t<p data-start=\"729\" data-end=\"780\">Wenn Stiefel versagen, steht die Arbeit still und es kommt zu Verletzungen. Wir konzentrieren uns auf Langlebigkeit, Funktion und langfristige Nutzung, nicht auf Trends. \u201eKeine Mode\u201c bedeutet nicht unattraktiv \u2013 es bedeutet, dass die Optik niemals vor der Zuverl\u00e4ssigkeit kommt. Gut gebaute Stiefel altern besser als Trends.<\/p>\t\t\t\t\t\t\t\t<\/div>\n\t\t\t\t\t<\/div>\n\t\t<\/div>\n\t\t\t\t<div class=\"elementor-column elementor-col-50 elementor-top-column elementor-element elementor-element-34c609e elementor-invisible\" data-id=\"34c609e\" data-element_type=\"column\" data-e-type=\"column\" data-settings=\"{&quot;animation&quot;:&quot;fadeIn&quot;,&quot;animation_delay&quot;:200}\">\n\t\t\t<div class=\"elementor-widget-wrap elementor-element-populated\">\n\t\t\t\t\t\t<div class=\"elementor-element elementor-element-c04a566 animated-fast elementor-invisible elementor-widget elementor-widget-image\" data-id=\"c04a566\" data-element_type=\"widget\" data-e-type=\"widget\" data-settings=\"{&quot;_animation&quot;:&quot;fadeIn&quot;}\" data-widget_type=\"image.default\">\n\t\t\t\t\t\t\t\t\t\t\t\t\t\t\t<img fetchpriority=\"high\" decoding=\"async\" width=\"1024\" height=\"683\" src=\"https:\/\/thelastboot.com\/wp-content\/uploads\/2025\/12\/350A3164-1024x683.jpg\" class=\"attachment-large size-large wp-image-8237\" alt=\"350A3164\" srcset=\"https:\/\/thelastboot.com\/wp-content\/uploads\/2025\/12\/350A3164-1024x683.jpg 1024w, https:\/\/thelastboot.com\/wp-content\/uploads\/2025\/12\/350A3164-300x200.jpg 300w, https:\/\/thelastboot.com\/wp-content\/uploads\/2025\/12\/350A3164-768x512.jpg 768w, https:\/\/thelastboot.com\/wp-content\/uploads\/2025\/12\/350A3164-1536x1024.jpg 1536w, https:\/\/thelastboot.com\/wp-content\/uploads\/2025\/12\/350A3164-18x12.webp 18w, https:\/\/thelastboot.com\/wp-content\/uploads\/2025\/12\/350A3164-990x660.jpg 990w, https:\/\/thelastboot.com\/wp-content\/uploads\/2025\/12\/350A3164-441x294.jpg 441w, https:\/\/thelastboot.com\/wp-content\/uploads\/2025\/12\/350A3164-800x533.jpg 800w, https:\/\/thelastboot.com\/wp-content\/uploads\/2025\/12\/350A3164-150x100.jpg 150w, https:\/\/thelastboot.com\/wp-content\/uploads\/2025\/12\/350A3164.jpg 1890w\" sizes=\"(max-width: 1024px) 100vw, 1024px\" \/>\t\t\t\t\t\t\t\t\t\t\t\t\t\t\t<\/div>\n\t\t\t\t\t<\/div>\n\t\t<\/div>\n\t\t\t\t\t<\/div>\n\t\t<\/section>\n\t\t\t\t<section class=\"elementor-section elementor-top-section elementor-element elementor-element-bb36c6f elementor-section-boxed elementor-section-height-default elementor-section-height-default\" data-id=\"bb36c6f\" data-element_type=\"section\" data-e-type=\"section\">\n\t\t\t\t\t\t<div class=\"elementor-container elementor-column-gap-wider\">\n\t\t\t\t\t<div class=\"elementor-column elementor-col-50 elementor-top-column elementor-element elementor-element-2880450 elementor-invisible\" data-id=\"2880450\" data-element_type=\"column\" data-e-type=\"column\" data-settings=\"{&quot;animation&quot;:&quot;fadeIn&quot;}\">\n\t\t\t<div class=\"elementor-widget-wrap elementor-element-populated\">\n\t\t\t\t\t\t<div class=\"elementor-element elementor-element-db9c3d4 animated-fast elementor-invisible elementor-widget elementor-widget-image\" data-id=\"db9c3d4\" data-element_type=\"widget\" data-e-type=\"widget\" data-settings=\"{&quot;_animation&quot;:&quot;fadeIn&quot;}\" data-widget_type=\"image.default\">\n\t\t\t\t\t\t\t\t\t\t\t\t\t\t\t<img decoding=\"async\" width=\"1024\" height=\"768\" src=\"https:\/\/thelastboot.com\/wp-content\/uploads\/2025\/12\/M77-in-action_131308-1024x768.jpg\" class=\"attachment-large size-large wp-image-8233\" alt=\"M77 in action\" srcset=\"https:\/\/thelastboot.com\/wp-content\/uploads\/2025\/12\/M77-in-action_131308-1024x768.jpg 1024w, https:\/\/thelastboot.com\/wp-content\/uploads\/2025\/12\/M77-in-action_131308-300x225.jpg 300w, https:\/\/thelastboot.com\/wp-content\/uploads\/2025\/12\/M77-in-action_131308-768x576.jpg 768w, https:\/\/thelastboot.com\/wp-content\/uploads\/2025\/12\/M77-in-action_131308-1536x1152.jpg 1536w, https:\/\/thelastboot.com\/wp-content\/uploads\/2025\/12\/M77-in-action_131308-2048x1536.jpg 2048w, https:\/\/thelastboot.com\/wp-content\/uploads\/2025\/12\/M77-in-action_131308-16x12.webp 16w, https:\/\/thelastboot.com\/wp-content\/uploads\/2025\/12\/M77-in-action_131308-990x743.jpg 990w, https:\/\/thelastboot.com\/wp-content\/uploads\/2025\/12\/M77-in-action_131308-441x331.jpg 441w, https:\/\/thelastboot.com\/wp-content\/uploads\/2025\/12\/M77-in-action_131308-800x600.jpg 800w, https:\/\/thelastboot.com\/wp-content\/uploads\/2025\/12\/M77-in-action_131308-150x113.jpg 150w\" sizes=\"(max-width: 1024px) 100vw, 1024px\" \/>\t\t\t\t\t\t\t\t\t\t\t\t\t\t\t<\/div>\n\t\t\t\t\t<\/div>\n\t\t<\/div>\n\t\t\t\t<div class=\"elementor-column elementor-col-50 elementor-top-column elementor-element elementor-element-7899afa elementor-invisible\" data-id=\"7899afa\" data-element_type=\"column\" data-e-type=\"column\" data-settings=\"{&quot;animation&quot;:&quot;fadeIn&quot;,&quot;animation_delay&quot;:200}\">\n\t\t\t<div class=\"elementor-widget-wrap elementor-element-populated\">\n\t\t\t\t\t\t<div class=\"elementor-element elementor-element-247d076 elementor-widget elementor-widget-heading\" data-id=\"247d076\" data-element_type=\"widget\" data-e-type=\"widget\" data-widget_type=\"heading.default\">\n\t\t\t\t\t<h6 class=\"elementor-heading-title elementor-size-default\">Anstatt alles zu verkaufen<\/h6>\t\t\t\t<\/div>\n\t\t\t\t<div class=\"elementor-element elementor-element-af7dfd6 title-right elementor-widget elementor-widget-heading\" data-id=\"af7dfd6\" data-element_type=\"widget\" data-e-type=\"widget\" data-widget_type=\"heading.default\">\n\t\t\t\t\t<h2 class=\"elementor-heading-title elementor-size-default\">Wir setzen auf Stiefel, die sich bereits bew\u00e4hrt haben<\/h2>\t\t\t\t<\/div>\n\t\t\t\t<div class=\"elementor-element elementor-element-04da751 elementor-widget elementor-widget-text-editor\" data-id=\"04da751\" data-element_type=\"widget\" data-e-type=\"widget\" data-widget_type=\"text-editor.default\">\n\t\t\t\t\t\t\t\t\t<p>Wir verkaufen nicht alles \u2013 wir w\u00e4hlen sorgf\u00e4ltig aus. Wir beginnen mit Samelin, einem estnischen Hersteller, der seit Jahrzehnten Milit\u00e4r- und Dienststiefel f\u00fcr <strong>NATO<\/strong>-Streitkr\u00e4fte produziert, einschlie\u00dflich der <strong>Bundeswehr<\/strong>. Wir sind zwar noch kein offizieller Samelin-H\u00e4ndler, setzen aber alles daran, dies in Zukunft zu erm\u00f6glichen.<\/p>\t\t\t\t\t\t\t\t<\/div>\n\t\t\t\t\t<\/div>\n\t\t<\/div>\n\t\t\t\t\t<\/div>\n\t\t<\/section>\n\t\t\t\t<section class=\"elementor-section elementor-top-section elementor-element elementor-element-338b57d elementor-section-boxed elementor-section-height-default elementor-section-height-default\" data-id=\"338b57d\" data-element_type=\"section\" data-e-type=\"section\">\n\t\t\t\t\t\t<div class=\"elementor-container elementor-column-gap-wider\">\n\t\t\t\t\t<div class=\"elementor-column elementor-col-50 elementor-top-column elementor-element elementor-element-e30bac7 elementor-invisible\" data-id=\"e30bac7\" data-element_type=\"column\" data-e-type=\"column\" data-settings=\"{&quot;animation&quot;:&quot;fadeIn&quot;}\">\n\t\t\t<div class=\"elementor-widget-wrap elementor-element-populated\">\n\t\t\t\t\t\t<div class=\"elementor-element elementor-element-b8a7ac1 elementor-widget elementor-widget-heading\" data-id=\"b8a7ac1\" data-element_type=\"widget\" data-e-type=\"widget\" data-widget_type=\"heading.default\">\n\t\t\t\t\t<h6 class=\"elementor-heading-title elementor-size-default\">Gebaut f\u00fcr das echte Leben \u2013 nicht nur f\u00fcr Extremszenarien<\/h6>\t\t\t\t<\/div>\n\t\t\t\t<div class=\"elementor-element elementor-element-f97861c title-left elementor-widget elementor-widget-heading\" data-id=\"f97861c\" data-element_type=\"widget\" data-e-type=\"widget\" data-widget_type=\"heading.default\">\n\t\t\t\t\t<h2 class=\"elementor-heading-title elementor-size-default\">F\u00fcr den Alltag, die Arbeit im Freien und wenn es auf Zuverl\u00e4ssigkeit ankommt<\/h2>\t\t\t\t<\/div>\n\t\t\t\t<div class=\"elementor-element elementor-element-740daea elementor-widget elementor-widget-text-editor\" data-id=\"740daea\" data-element_type=\"widget\" data-e-type=\"widget\" data-widget_type=\"text-editor.default\">\n\t\t\t\t\t\t\t\t\t<p>Dieser Shop ist f\u00fcr Menschen, die Stiefel suchen, die halten \u2013 bei der Arbeit, im Freien oder im Alltag. Einige Modelle sind taktisch, andere ideal f\u00fcr den t\u00e4glichen Gebrauch oder zum Wandern. Was sie alle gemeinsam haben, ist eine ehrliche Konstruktion und langfristige Zuverl\u00e4ssigkeit. Wenn Sie Wert auf Langlebigkeit statt auf kurzlebige Trends legen, sind Sie hier richtig.<\/p>\t\t\t\t\t\t\t\t<\/div>\n\t\t\t\t\t<\/div>\n\t\t<\/div>\n\t\t\t\t<div class=\"elementor-column elementor-col-50 elementor-top-column elementor-element elementor-element-4938926 elementor-invisible\" data-id=\"4938926\" data-element_type=\"column\" data-e-type=\"column\" data-settings=\"{&quot;animation&quot;:&quot;fadeIn&quot;,&quot;animation_delay&quot;:200}\">\n\t\t\t<div class=\"elementor-widget-wrap elementor-element-populated\">\n\t\t\t\t\t\t<div class=\"elementor-element elementor-element-af85d13 animated-fast elementor-invisible elementor-widget elementor-widget-image\" data-id=\"af85d13\" data-element_type=\"widget\" data-e-type=\"widget\" data-settings=\"{&quot;_animation&quot;:&quot;fadeIn&quot;}\" data-widget_type=\"image.default\">\n\t\t\t\t\t\t\t\t\t\t\t\t\t\t\t<img decoding=\"async\" width=\"1024\" height=\"683\" src=\"https:\/\/thelastboot.com\/wp-content\/uploads\/2025\/12\/350A3132-1024x683.jpg\" class=\"attachment-large size-large wp-image-8235\" alt=\"350A3132\" srcset=\"https:\/\/thelastboot.com\/wp-content\/uploads\/2025\/12\/350A3132-1024x683.jpg 1024w, https:\/\/thelastboot.com\/wp-content\/uploads\/2025\/12\/350A3132-300x200.jpg 300w, https:\/\/thelastboot.com\/wp-content\/uploads\/2025\/12\/350A3132-768x512.jpg 768w, https:\/\/thelastboot.com\/wp-content\/uploads\/2025\/12\/350A3132-1536x1024.jpg 1536w, https:\/\/thelastboot.com\/wp-content\/uploads\/2025\/12\/350A3132-2048x1365.jpg 2048w, https:\/\/thelastboot.com\/wp-content\/uploads\/2025\/12\/350A3132-18x12.jpg 18w, https:\/\/thelastboot.com\/wp-content\/uploads\/2025\/12\/350A3132-990x660.jpg 990w, https:\/\/thelastboot.com\/wp-content\/uploads\/2025\/12\/350A3132-441x294.jpg 441w, https:\/\/thelastboot.com\/wp-content\/uploads\/2025\/12\/350A3132-800x533.jpg 800w, https:\/\/thelastboot.com\/wp-content\/uploads\/2025\/12\/350A3132-150x100.jpg 150w\" sizes=\"(max-width: 1024px) 100vw, 1024px\" \/>\t\t\t\t\t\t\t\t\t\t\t\t\t\t\t<\/div>\n\t\t\t\t\t<\/div>\n\t\t<\/div>\n\t\t\t\t\t<\/div>\n\t\t<\/section>\n\t\t\t\t<\/div>\n\t\t\n    <div class=\"xs_social_share_widget xs_share_url after_content \t\tmain_content  wslu-style-1 wslu-share-box-shaped wslu-fill-colored wslu-none wslu-share-horizontal wslu-theme-font-no wslu-main_content\">\n\n\t\t\n        <ul>\n\t\t\t        <\/ul>\n    <\/div> \n","protected":false},"excerpt":{"rendered":"<p>\u00dcber uns Wir bieten Stiefel f\u00fcr den echten Einsatz \u2013 in Europa gefertigt, nach Langlebigkeit ausgew\u00e4hlt und so konzipiert, dass man sich auf sie verlassen kann, lange nachdem Trends vergangen sind. Nach der Abkehr von Wegwerf-Schuhwerk Stiefel sind keine Mode. Sie sind Ausr\u00fcstung Wenn Stiefel versagen, steht die Arbeit still und es kommt zu Verletzungen. [&hellip;]<\/p>\n","protected":false},"author":1,"featured_media":0,"parent":0,"menu_order":0,"comment_status":"closed","ping_status":"closed","template":"template-fullwidth-no-heading.php","meta":{"slim_seo":{"description":"Die Geschichte von The Last Boot: NATO-zertifizierte taktische Stiefel aus Europa, gefertigt auf Langlebigkeit von Samelin, dem Ausr\u00fcster der Bundeswehr.","title":"\u00dcber - The Last Boot"},"footnotes":""},"class_list":["post-8226","page","type-page","status-publish","hentry"],"_links":{"self":[{"href":"https:\/\/thelastboot.com\/de\/wp-json\/wp\/v2\/pages\/8226","targetHints":{"allow":["GET"]}}],"collection":[{"href":"https:\/\/thelastboot.com\/de\/wp-json\/wp\/v2\/pages"}],"about":[{"href":"https:\/\/thelastboot.com\/de\/wp-json\/wp\/v2\/types\/page"}],"author":[{"embeddable":true,"href":"https:\/\/thelastboot.com\/de\/wp-json\/wp\/v2\/users\/1"}],"replies":[{"embeddable":true,"href":"https:\/\/thelastboot.com\/de\/wp-json\/wp\/v2\/comments?post=8226"}],"version-history":[{"count":2,"href":"https:\/\/thelastboot.com\/de\/wp-json\/wp\/v2\/pages\/8226\/revisions"}],"predecessor-version":[{"id":8560,"href":"https:\/\/thelastboot.com\/de\/wp-json\/wp\/v2\/pages\/8226\/revisions\/8560"}],"wp:attachment":[{"href":"https:\/\/thelastboot.com\/de\/wp-json\/wp\/v2\/media?parent=8226"}],"curies":[{"name":"wp","href":"https:\/\/api.w.org\/{rel}","templated":true}]}}