{"id":8242,"date":"2025-12-02T15:34:54","date_gmt":"2025-12-02T15:34:54","guid":{"rendered":"https:\/\/thelastboot.com\/versand-lieferung\/"},"modified":"2026-04-23T10:49:12","modified_gmt":"2026-04-23T10:49:12","slug":"versand-lieferung","status":"publish","type":"page","link":"https:\/\/thelastboot.com\/de\/versand-lieferung\/","title":{"rendered":"Versand &#038; Lieferung"},"content":{"rendered":"\n<h2 class=\"wp-block-heading\">Liefergebiete<\/h2>\n\n<p>Wir liefern in alle L\u00e4nder der Europ\u00e4ischen Union.<\/p>\n\n<p>Eine Erweiterung auf weitere L\u00e4nder ist f\u00fcr die Zukunft geplant.<\/p>\n\n<h2 class=\"wp-block-heading\">Versandkosten<\/h2>\n\n<p>Ab einem Bestellwert von 50 EUR ist der Versand <strong>kostenlos<\/strong>. F\u00fcr Bestellungen unter diesem Betrag berechnen wir eine Pauschale von <strong>12,99 \u20ac<strong>.<\/strong><\/strong><\/p>\n\n<p><strong>Versanddienstleister:<\/strong> Bestellungen werden je nach Bestimmungsort und Lagerstandort durch DPD, DHL, USPS, FedEx, UPS, Omniva, PostNord oder Posti zugestellt.<\/p>\n\n<p><strong>Keine versteckten Geb\u00fchren<\/strong> \u2013 Sie zahlen nur den angezeigten Preis.<\/p>\n\n<p>Bestellungen werden je nach Bestimmungsort entweder an die Haust\u00fcr oder an Paketshops geliefert. Wir arbeiten daran, H\u00e4ndlern die Wahlm\u00f6glichkeit zu geben, aber so funktioniert es derzeit:<\/p>\n\n<p>So funktioniert es aktuell:<\/p>\n\n<ul class=\"wp-block-list\">\n<li>Lieferung an die Haust\u00fcr: Belgien, Deutschland, Irland, Luxemburg, Niederlande, Slowenien.<\/li>\n\n\n\n<li>Paketshops: Alle anderen L\u00e4nder. Wenn ein Artikel zu gro\u00df ist, wird die Bestellung stattdessen an die Haust\u00fcr geliefert.<\/li>\n\n\n\n<li>Wenn sich im Umkreis von 5 km keine Paketshops befinden, wird die Bestellung an die Haust\u00fcr geliefert.<\/li>\n<\/ul>\n\n<p>Wir wissen, dass das System noch nicht perfekt ist, aber wir arbeiten aktiv an Verbesserungen.<\/p>\n\n<h2 class=\"wp-block-heading\">Bearbeitungszeit der Bestellung<\/h2>\n\n<ul class=\"wp-block-list\">\n<li><strong>Annahmeschluss:<\/strong> 23:59 Uhr (MEZ\/MESZ), Mitteleurop\u00e4ische Zeit<\/li>\n\n\n\n<li><strong>Bearbeitungszeit:<\/strong> 1 Werktag (Montag bis Freitag)<\/li>\n\n\n\n<li>Bestellungen, die nach 23:59 Uhr oder am Wochenende aufgegeben werden, werden am n\u00e4chsten Werktag bearbeitet.<\/li>\n<\/ul>\n\n<h2 class=\"wp-block-heading\">Lieferzeit<\/h2>\n\n<ul class=\"wp-block-list\">\n<li><strong>Transportzeit:<\/strong> 3\u20138 Werktage (Montag bis Freitag)<\/li>\n\n\n\n<li><strong>Voraussichtliche Lieferzeit:<\/strong> 4\u20139 Werktage (Montag bis Freitag)<\/li>\n\n\n\n<li>Die Lieferzeiten k\u00f6nnen sich aufgrund unvorhergesehener Umst\u00e4nde verz\u00f6gern.<\/li>\n<\/ul>\n\n<h2 class=\"wp-block-heading\">Sendungsverfolgung<\/h2>\n\n<p>Sobald Ihre Bestellung versandt wurde, erhalten Sie eine E-Mail mit einer <strong>Sendungsnummer<\/strong>.<\/p>\n\n<p>Sie k\u00f6nnen Ihre Bestellung \u00fcber unsere Website verfolgen.<\/p>\n\n<h2 class=\"wp-block-heading\">\u00c4nderungen und Stornierungen<\/h2>\n\n<p>Bestellungen, die am Wochenende aufgegeben werden, werden am n\u00e4chsten Werktag bearbeitet.<\/p>\n\n<p>Wenn Sie eine Bestellung \u00e4ndern oder stornieren m\u00f6chten, <strong>kontaktieren Sie bitte unseren Kundenservice so schnell wie m\u00f6glich unter <a href=\"mailto:hello@thelastboot.com\" title=\"hello@thelastboot.com\">hello@thelastboot.com<\/a><\/strong>.<\/p>\n\n<h2 class=\"wp-block-heading\">Aktualisierungen dieser Richtlinie<\/h2>\n\n<p>Unsere Versandrichtlinien k\u00f6nnen gelegentlich aktualisiert werden, um betriebliche \u00c4nderungen widerzuspiegeln.<\/p>\n\n<p>Bitte besuchen Sie unsere Website regelm\u00e4\u00dfig, um \u00fcber die neuesten Informationen auf dem Laufenden zu bleiben.<\/p>\n\n<h2 class=\"wp-block-heading\">Kontakt<\/h2>\n\n<p><strong><strong>Rechtlicher Name: <\/strong><\/strong>Geros Prek\u0117s MB<\/p>\n\n<p><strong>Unternehmensname:<\/strong> TheLastBoot<\/p>\n\n<p><strong>Adresse:<\/strong> Perk\u016bnkiemio str. 19, Vilnius, LT-12120, Litauen <\/p>\n\n<p><strong>E-Mail:<\/strong> <a href=\"mailto:hello@thelastboot.com\">hello@thelastboot.com<\/a><\/p>\n\n<p><strong>Kontaktformular:<\/strong> <a href=\"https:\/\/thelastboot.com\/de\/kontaktieren-sie-uns\/\">Kontaktieren Sie uns<\/a><\/p>\n\n<p><strong>Telefonnummer: <\/strong>+370 690 16319<\/p>\n\n<p><strong>Unternehmensregistrierungsnummer<\/strong>: 306708710 (eingetragen in Litauen)<\/p>\n\n<p><strong>Kundenservice-Zeiten:<\/strong> Montag bis Freitag, 8:00 Uhr \u2013 17:00 Uhr (Mitteleurop\u00e4ische Zeit \u2013 MEZ \/ MESZ)<\/p>\n\n<p><\/p>\n\n    <div class=\"xs_social_share_widget xs_share_url after_content \t\tmain_content  wslu-style-1 wslu-share-box-shaped wslu-fill-colored wslu-none wslu-share-horizontal wslu-theme-font-no wslu-main_content\">\n\n\t\t\n        <ul>\n\t\t\t        <\/ul>\n    <\/div> \n","protected":false},"excerpt":{"rendered":"<p>Liefergebiete Wir liefern in alle L\u00e4nder der Europ\u00e4ischen Union. Eine Erweiterung auf weitere L\u00e4nder ist f\u00fcr die Zukunft geplant. Versandkosten Ab einem Bestellwert von 50 EUR ist der Versand kostenlos. F\u00fcr Bestellungen unter diesem Betrag berechnen wir eine Pauschale von 12,99 \u20ac. Versanddienstleister: Bestellungen werden je nach Bestimmungsort und Lagerstandort durch DPD, DHL, USPS, FedEx, [&hellip;]<\/p>\n","protected":false},"author":1,"featured_media":0,"parent":0,"menu_order":0,"comment_status":"closed","ping_status":"closed","template":"template-fullwidth.php","meta":{"slim_seo":{"description":"nformieren Sie sich \u00fcber unsere Versandkosten und Lieferzeiten. Kostenloser EU-Versand ab 50 \u20ac.","title":"Versand & Lieferung - The Last Boot"},"footnotes":""},"class_list":["post-8242","page","type-page","status-publish","hentry"],"_links":{"self":[{"href":"https:\/\/thelastboot.com\/de\/wp-json\/wp\/v2\/pages\/8242","targetHints":{"allow":["GET"]}}],"collection":[{"href":"https:\/\/thelastboot.com\/de\/wp-json\/wp\/v2\/pages"}],"about":[{"href":"https:\/\/thelastboot.com\/de\/wp-json\/wp\/v2\/types\/page"}],"author":[{"embeddable":true,"href":"https:\/\/thelastboot.com\/de\/wp-json\/wp\/v2\/users\/1"}],"replies":[{"embeddable":true,"href":"https:\/\/thelastboot.com\/de\/wp-json\/wp\/v2\/comments?post=8242"}],"version-history":[{"count":3,"href":"https:\/\/thelastboot.com\/de\/wp-json\/wp\/v2\/pages\/8242\/revisions"}],"predecessor-version":[{"id":8478,"href":"https:\/\/thelastboot.com\/de\/wp-json\/wp\/v2\/pages\/8242\/revisions\/8478"}],"wp:attachment":[{"href":"https:\/\/thelastboot.com\/de\/wp-json\/wp\/v2\/media?parent=8242"}],"curies":[{"name":"wp","href":"https:\/\/api.w.org\/{rel}","templated":true}]}}