{"id":8246,"date":"2025-12-02T15:34:54","date_gmt":"2025-12-02T15:34:54","guid":{"rendered":"https:\/\/thelastboot.com\/widerrufsrecht\/"},"modified":"2026-04-23T10:49:20","modified_gmt":"2026-04-23T10:49:20","slug":"widerrufsrecht","status":"publish","type":"page","link":"https:\/\/thelastboot.com\/de\/widerrufsrecht\/","title":{"rendered":"Widerrufsrecht"},"content":{"rendered":"\n<h2 class=\"wp-block-heading\">Widerrufsbelehrung<\/h2>\n\n<p>Sie haben das Recht, binnen <strong>vierzehn (14) Tagen<\/strong> ohne Angabe von Gr\u00fcnden diesen Vertrag zu widerrufen.<\/p>\n\n<p>Die Widerrufsfrist betr\u00e4gt <strong>vierzehn Tage<\/strong> ab dem Tag, an dem<\/p>\n\n<ul class=\"wp-block-list\">\n<li>Sie oder ein von Ihnen benannter Dritter, der nicht der Bef\u00f6rderer ist, die Waren in Besitz genommen haben bzw. hat.<\/li>\n<\/ul>\n\n<p>Wenn Sie mehrere Waren im Rahmen einer einheitlichen Bestellung bestellt haben und diese getrennt geliefert werden, beginnt die Widerrufsfrist an dem Tag, an dem Sie oder ein von Ihnen benannter Dritter die letzte Ware in Besitz genommen haben bzw. hat.<\/p>\n\n<hr class=\"wp-block-separator has-alpha-channel-opacity\"\/>\n\n<h2 class=\"wp-block-heading\">Aus\u00fcbung des Widerrufsrechts<\/h2>\n\n<p>Um Ihr Widerrufsrecht auszu\u00fcben, m\u00fcssen Sie uns mittels einer eindeutigen Erkl\u00e4rung (z. B. per E-Mail, \u00fcber das Kontaktformular oder per Post) \u00fcber Ihren Entschluss, diesen Vertrag zu widerrufen, informieren.<\/p>\n\n<p><strong>Kontaktdaten:<\/strong><\/p>\n\n<p><strong>Geros Prek\u0117s MB<\/strong><\/p>\n\n<p>Perk\u016bnkiemio g. 19<\/p>\n\n<p>LT-12120 Vilnius<\/p>\n\n<p>Litauen<\/p>\n\n<p><strong>E-Mail:<\/strong> <a href=\"mailto:hello@thelastboot.com\" target=\"_blank\" rel=\"noopener\" title=\"\">hello@thelastboot.com<\/a><\/p>\n\n<p><strong>Kontaktformular:<\/strong> <a href=\"https:\/\/thelastboot.com\/de\/kontaktieren-sie-uns\/\" target=\"_blank\" rel=\"noopener\" title=\"Contact us\">Kontakt<\/a><\/p>\n\n<p><strong>Telefonnummer:<\/strong> +37069016319<\/p>\n\n<p>Zur Wahrung der Widerrufsfrist reicht es aus, dass Sie die Mitteilung \u00fcber die Aus\u00fcbung des Widerrufsrechts vor Ablauf der Widerrufsfrist absenden.<\/p>\n\n<p>Nach Erhalt Ihrer Widerrufserkl\u00e4rung senden wir Ihnen eine Best\u00e4tigung per E-Mail zusammen mit weiteren Anweisungen f\u00fcr die R\u00fccksendung der Waren zu.<\/p>\n\n<hr class=\"wp-block-separator has-alpha-channel-opacity\"\/>\n\n<h2 class=\"wp-block-heading\">Folgen des Widerrufs<\/h2>\n\n<p>Wenn Sie diesen Vertrag widerrufen, haben wir Ihnen alle Zahlungen, die wir von Ihnen erhalten haben, einschlie\u00dflich der Lieferkosten (mit Ausnahme der zus\u00e4tzlichen Kosten, die sich daraus ergeben, dass Sie eine andere Art der Lieferung als die von uns angebotene, g\u00fcnstigste Standardlieferung gew\u00e4hlt haben), unverz\u00fcglich und sp\u00e4testens binnen vierzehn Tagen ab dem Tag zur\u00fcckzuzahlen, an dem die Mitteilung \u00fcber Ihren Widerruf dieses Vertrags bei uns eingegangen ist.<\/p>\n\n<p>Die R\u00fcckzahlung erfolgt <strong>unverz\u00fcglich und sp\u00e4testens binnen vierzehn (14) Tagen<\/strong> ab dem Tag, an dem die Mitteilung \u00fcber Ihren Widerruf dieses Vertrags bei uns eingegangen ist.<\/p>\n\n<p>F\u00fcr diese R\u00fcckzahlung verwenden wir dasselbe Zahlungsmittel, das Sie bei der urspr\u00fcnglichen Transaktion eingesetzt haben, es sei denn, mit Ihnen wurde ausdr\u00fccklich etwas anderes vereinbart. In keinem Fall werden Ihnen wegen dieser R\u00fcckzahlung Entgelte berechnet.<\/p>\n\n<p>Wir k\u00f6nnen die R\u00fcckzahlung verweigern, bis wir die Waren wieder zur\u00fcckerhalten haben oder bis Sie den Nachweis erbracht haben, dass Sie die Waren zur\u00fcckgesandt haben, je nachdem, welches der fr\u00fchere Zeitpunkt ist.<\/p>\n\n<hr class=\"wp-block-separator has-alpha-channel-opacity\"\/>\n\n<h2 class=\"wp-block-heading\">R\u00fccksendung der Waren<\/h2>\n\n<p>Sie haben die Waren <strong>unverz\u00fcglich und in jedem Fall sp\u00e4testens binnen vierzehn (14) Tagen<\/strong> ab dem Tag, an dem Sie uns \u00fcber den Widerruf dieses Vertrags unterrichten, an uns zur\u00fcckzusenden.<\/p>\n\n<p>Die R\u00fccksendeadresse wird Ihnen nach Aus\u00fcbung Ihres Widerrufsrechts mitgeteilt.<\/p>\n\n<p>Die Frist ist gewahrt, wenn Sie die Waren vor Ablauf der Frist von vierzehn Tagen absenden.<\/p>\n\n<p>Wir tragen die unmittelbaren Kosten der R\u00fccksendung der Waren.<\/p>\n\n<hr class=\"wp-block-separator has-alpha-channel-opacity\"\/>\n\n<h2 class=\"wp-block-heading\">Wertersatz f\u00fcr Wertminderung<\/h2>\n\n<p>Sie m\u00fcssen f\u00fcr einen etwaigen Wertverlust der Waren nur aufkommen, wenn dieser Wertverlust auf einen zur Pr\u00fcfung der Beschaffenheit, Eigenschaften und Funktionsweise der Waren nicht notwendigen Umgang mit ihnen zur\u00fcckzuf\u00fchren ist.<\/p>\n\n<p><em>(Hinweis zu Schuhwerk: Das Anprobieren von Schuhen, wie es in einem Ladengesch\u00e4ft \u00fcblich w\u00e4re, ist gestattet. Gebrauchsspuren, die \u00fcber eine normale Anprobe hinausgehen, k\u00f6nnen zu einer Entsch\u00e4digung f\u00fcr den Wertverlust f\u00fchren.)<\/em><\/p>\n\n<hr class=\"wp-block-separator has-alpha-channel-opacity\"\/>\n\n<h2 class=\"wp-block-heading\">Muster-Widerrufsformular<\/h2>\n\n<p>(Wenn Sie den Vertrag widerrufen wollen, dann f\u00fcllen Sie bitte dieses Formular aus und senden Sie es zur\u00fcck.)<\/p>\n\n<p><\/p>\n\n<p><strong>Geros Prek\u0117s MB<\/strong><\/p>\n\n<p>Perk\u016bnkiemio g. 19<\/p>\n\n<p>LT-12120 Vilnius<\/p>\n\n<p>Litauen<\/p>\n\n<p><strong>E-Mail:<\/strong> <a href=\"mailto:hello@thelastboot.com\" target=\"_blank\" rel=\"noopener\" title=\"\">hello@thelastboot.com<\/a><\/p>\n\n<p>Hiermit widerrufe(n) ich\/wir (*) den von mir\/uns (*) abgeschlossenen Vertrag \u00fcber den Kauf der folgenden Waren (*):<\/p>\n\n<p>\u2013 Bestellt am (*) \/ erhalten am (*)<\/p>\n\n<p>\u2013 Name des\/der Verbraucher(s)<\/p>\n\n<p>\u2013 Anschrift des\/der Verbraucher(s)<\/p>\n\n<p>\u2013 Unterschrift des\/der Verbraucher(s) (nur bei Mitteilung auf Papier)<\/p>\n\n<p>\u2013 Datum<\/p>\n\n<p>(*) Nichtzutreffendes streichen.<\/p>\n\n    <div class=\"xs_social_share_widget xs_share_url after_content \t\tmain_content  wslu-style-1 wslu-share-box-shaped wslu-fill-colored wslu-none wslu-share-horizontal wslu-theme-font-no wslu-main_content\">\n\n\t\t\n        <ul>\n\t\t\t        <\/ul>\n    <\/div> \n","protected":false},"excerpt":{"rendered":"<p>Widerrufsbelehrung Sie haben das Recht, binnen vierzehn (14) Tagen ohne Angabe von Gr\u00fcnden diesen Vertrag zu widerrufen. Die Widerrufsfrist betr\u00e4gt vierzehn Tage ab dem Tag, an dem Wenn Sie mehrere Waren im Rahmen einer einheitlichen Bestellung bestellt haben und diese getrennt geliefert werden, beginnt die Widerrufsfrist an dem Tag, an dem Sie oder ein von [&hellip;]<\/p>\n","protected":false},"author":1,"featured_media":0,"parent":0,"menu_order":0,"comment_status":"closed","ping_status":"closed","template":"template-fullwidth.php","meta":{"slim_seo":{"title":"Widerrufsrecht - The Last Boot","description":"Widerrufsbelehrung Sie haben das Recht, binnen vierzehn (14) Tagen ohne Angabe von Gr\u00fcnden diesen Vertrag zu widerrufen. Die Widerrufsfrist betr\u00e4gt vierzehn Tag"},"footnotes":""},"class_list":["post-8246","page","type-page","status-publish","hentry"],"_links":{"self":[{"href":"https:\/\/thelastboot.com\/de\/wp-json\/wp\/v2\/pages\/8246","targetHints":{"allow":["GET"]}}],"collection":[{"href":"https:\/\/thelastboot.com\/de\/wp-json\/wp\/v2\/pages"}],"about":[{"href":"https:\/\/thelastboot.com\/de\/wp-json\/wp\/v2\/types\/page"}],"author":[{"embeddable":true,"href":"https:\/\/thelastboot.com\/de\/wp-json\/wp\/v2\/users\/1"}],"replies":[{"embeddable":true,"href":"https:\/\/thelastboot.com\/de\/wp-json\/wp\/v2\/comments?post=8246"}],"version-history":[{"count":1,"href":"https:\/\/thelastboot.com\/de\/wp-json\/wp\/v2\/pages\/8246\/revisions"}],"predecessor-version":[{"id":8247,"href":"https:\/\/thelastboot.com\/de\/wp-json\/wp\/v2\/pages\/8246\/revisions\/8247"}],"wp:attachment":[{"href":"https:\/\/thelastboot.com\/de\/wp-json\/wp\/v2\/media?parent=8246"}],"curies":[{"name":"wp","href":"https:\/\/api.w.org\/{rel}","templated":true}]}}