{"id":8249,"date":"2025-12-02T15:34:54","date_gmt":"2025-12-02T15:34:54","guid":{"rendered":"https:\/\/thelastboot.com\/impressum\/"},"modified":"2026-04-23T11:24:44","modified_gmt":"2026-04-23T11:24:44","slug":"impressum","status":"publish","type":"page","link":"https:\/\/thelastboot.com\/de\/impressum\/","title":{"rendered":"Impressum"},"content":{"rendered":"\n<p><strong><strong>Rechtlicher Name: <\/strong><\/strong>Geros Prek\u0117s MB<\/p>\n\n<p><strong>Unternehmensname:<\/strong> TheLastBoot<\/p>\n\n<p><strong>Adresse:<\/strong> Perk\u016bnkiemio str. 19, Vilnius, LT-12120, Litauen <\/p>\n\n<p><strong>E-Mail:<\/strong> <a href=\"mailto:hello@thelastboot.com\">hello@thelastboot.com<\/a><\/p>\n\n<p><strong>Kontaktformular:<\/strong> <a href=\"https:\/\/thelastboot.com\/de\/kontaktieren-sie-uns\/\">Kontaktieren Sie uns<\/a><\/p>\n\n<p><strong>Telefonnummer: <\/strong>+370 690 16319<\/p>\n\n<p><strong>Unternehmensregistrierungsnummer<\/strong>: 306708710 (eingetragen in Litauen)<\/p>\n\n<p><strong>Kundenservice-Zeiten:<\/strong> Montag bis Freitag, 8:00 Uhr \u2013 17:00 Uhr (Mitteleurop\u00e4ische Zeit \u2013 MEZ \/ MESZ)<\/p>\n\n<p><strong>Gesch\u00e4ftsf\u00fchrer:<\/strong>\u00a0Artsiom Burdukou<\/p>\n\n<h2 class=\"wp-block-heading\">Online-Streitbeilegung &amp; Verbraucherschlichtung<\/h2>\n\n<p>Die Liste der Stellen zur Beilegung von Verbraucherrechtsstreitigkeiten in den Mitgliedstaaten, Norwegen und Island sowie deren Kontaktdaten finden Sie hier:\u00a0<a href=\"https:\/\/consumer-redress.ec.europa.eu\/dispute-resolution-bodies\">https:\/\/consumer-redress.ec.europa.eu\/dispute-resolution-bodies<\/a><br\/>Geros Prek\u0117s MB ist weder verpflichtet noch bereit, an einem Streitbeilegungsverfahren vor einer Verbraucherschlichtungsstelle teilzunehmen.<\/p>\n\n<h2 class=\"wp-block-heading\">Haftungshinweis<\/h2>\n\n<p>Trotz sorgf\u00e4ltiger inhaltlicher Kontrolle \u00fcbernehmen wir keine Haftung f\u00fcr die Inhalte externer Links. F\u00fcr den Inhalt der verlinkten Seiten sind ausschlie\u00dflich deren Betreiber verantwortlich.<\/p>\n\n<h2 class=\"wp-block-heading\">Urheberrecht<\/h2>\n\n<p>Alle auf dieser Website ver\u00f6ffentlichten Inhalte (Texte, Bilder, Grafiken, Videosequenzen usw.) unterliegen dem Urheberrecht. Jede vom Urheberrechtsgesetz nicht zugelassene Nutzung bedarf der vorherigen schriftlichen Zustimmung des jeweiligen Rechteinhabers.<\/p>\n\n    <div class=\"xs_social_share_widget xs_share_url after_content \t\tmain_content  wslu-style-1 wslu-share-box-shaped wslu-fill-colored wslu-none wslu-share-horizontal wslu-theme-font-no wslu-main_content\">\n\n\t\t\n        <ul>\n\t\t\t        <\/ul>\n    <\/div> \n","protected":false},"excerpt":{"rendered":"<p>Gesch\u00e4ftsf\u00fchrer:\u00a0Artsiom Burdukou Online-Streitbeilegung &amp; Verbraucherschlichtung Die Liste der Stellen zur Beilegung von Verbraucherrechtsstreitigkeiten in den Mitgliedstaaten, Norwegen und Island sowie deren Kontaktdaten finden Sie hier:\u00a0https:\/\/consumer-redress.ec.europa.eu\/dispute-resolution-bodiesGeros Prek\u0117s MB ist weder verpflichtet noch bereit, an einem Streitbeilegungsverfahren vor einer Verbraucherschlichtungsstelle teilzunehmen. Haftungshinweis Trotz sorgf\u00e4ltiger inhaltlicher Kontrolle \u00fcbernehmen wir keine Haftung f\u00fcr die Inhalte externer Links. F\u00fcr den [&hellip;]<\/p>\n","protected":false},"author":1,"featured_media":0,"parent":0,"menu_order":0,"comment_status":"closed","ping_status":"closed","template":"template-fullwidth.php","meta":{"slim_seo":{"title":"Impressum - The Last Boot","description":"Gesch\u00e4ftsf\u00fchrer: \u00a0Artsiom Burdukou Online-Streitbeilegung &amp; Verbraucherschlichtung Die Liste der Stellen zur Beilegung von Verbraucherrechtsstreitigkeiten i"},"footnotes":""},"class_list":["post-8249","page","type-page","status-publish","hentry"],"_links":{"self":[{"href":"https:\/\/thelastboot.com\/de\/wp-json\/wp\/v2\/pages\/8249","targetHints":{"allow":["GET"]}}],"collection":[{"href":"https:\/\/thelastboot.com\/de\/wp-json\/wp\/v2\/pages"}],"about":[{"href":"https:\/\/thelastboot.com\/de\/wp-json\/wp\/v2\/types\/page"}],"author":[{"embeddable":true,"href":"https:\/\/thelastboot.com\/de\/wp-json\/wp\/v2\/users\/1"}],"replies":[{"embeddable":true,"href":"https:\/\/thelastboot.com\/de\/wp-json\/wp\/v2\/comments?post=8249"}],"version-history":[{"count":4,"href":"https:\/\/thelastboot.com\/de\/wp-json\/wp\/v2\/pages\/8249\/revisions"}],"predecessor-version":[{"id":8567,"href":"https:\/\/thelastboot.com\/de\/wp-json\/wp\/v2\/pages\/8249\/revisions\/8567"}],"wp:attachment":[{"href":"https:\/\/thelastboot.com\/de\/wp-json\/wp\/v2\/media?parent=8249"}],"curies":[{"name":"wp","href":"https:\/\/api.w.org\/{rel}","templated":true}]}}