{"id":8258,"date":"2025-12-28T20:53:30","date_gmt":"2025-12-28T20:53:30","guid":{"rendered":"https:\/\/thelastboot.com\/garantiebedingungen\/"},"modified":"2026-04-23T10:48:39","modified_gmt":"2026-04-23T10:48:39","slug":"garantiebedingungen","status":"publish","type":"page","link":"https:\/\/thelastboot.com\/de\/garantiebedingungen\/","title":{"rendered":"Garantiebedingungen"},"content":{"rendered":"\n<p>Bei TheLastBoot.com verf\u00fcgt jedes Produkt in unserem Sortiment \u00fcber eine 2-j\u00e4hrige Garantie, was unser Vertrauen in die erstklassige Qualit\u00e4t und Langlebigkeit unterstreicht. Wir stehen voll und ganz hinter unseren Angeboten, wissen aber auch, dass in seltenen F\u00e4llen Herstellungsfehler auftreten k\u00f6nnen. Sollten Sie auf ein solches Problem sto\u00dfen, bedauern wir die Unannehmlichkeiten sehr und setzen alles daran, dieses umgehend zu l\u00f6sen.<\/p>\n\n<p>Bitte beachten Sie, dass unsere Garantie keine Sch\u00e4den abdeckt, die durch Handlungen oder Unterlassungen des Verbrauchers entstehen, wie z. B. unsachgem\u00e4\u00dfen Gebrauch, Unf\u00e4lle usw., nachdem die Ware geliefert wurde. Zudem ist normaler Verschlei\u00df durch regelm\u00e4\u00dfigen Gebrauch nicht von dieser Garantie abgedeckt.<\/p>\n\n<p>In F\u00e4llen, in denen ein Produktfehler tats\u00e4chlich auf Herstellungsm\u00e4ngel zur\u00fcckzuf\u00fchren ist, f\u00fcr die TheLastBoot.com verantwortlich ist, ist unser Ansatz unkompliziert: Wir werden die mangelhafte Ware entweder reparieren oder ersetzen. Sollte weder eine Reparatur noch ein Ersatz m\u00f6glich sein, erstatten wir den vollen Kaufpreis des Produkts.<\/p>\n\n<p><strong>Hinweis:<\/strong> Nur saubere Produkte werden f\u00fcr Garantie- oder Reparaturarbeiten angenommen.<\/p>\n\n<h2 class=\"wp-block-heading\">So leiten Sie einen Garantieanspruch ein:<\/h2>\n\n<p>Sollten Sie ein Problem im Zusammenhang mit der Garantie haben, z\u00f6gern Sie bitte nicht, uns zu kontaktieren. Sie erreichen uns \u00fcber das Kontaktformular oder per E-Mail an <a href=\"mailto:hello@thelastboot.com\" target=\"_blank\" rel=\"noopener\" title=\"hello@thelastboot.com\">hello@thelastboot.com<\/a>. Bitte geben Sie in Ihrer Nachricht Folgendes an:<\/p>\n\n<ol class=\"wp-block-list\">\n<li>Bestellnummer.<\/li>\n\n\n\n<li>Bestelldatum.<\/li>\n\n\n\n<li>Die Produkt-SKU, bei der das Problem aufgetreten ist.<\/li>\n\n\n\n<li>Eine detaillierte Beschreibung des Problems und, falls m\u00f6glich, Fotos.<\/li>\n\n\n\n<li>Falls wir die R\u00fccksendung eines Artikels zu Garantiezwecken anfordern, stellen Sie bitte sicher, dass dieser sauber ist (z. B. Stiefel ohne Schlamm). Wenn das Produkt nicht sauber ist, wird es zur\u00fcckgeschickt, und sowohl die Versand- als auch die R\u00fccksendekosten sind vom Kunden zu tragen.<\/li>\n<\/ol>\n\n<p>Im Allgemeinen sind Garantief\u00e4lle selten, machen Sie sich also keine unn\u00f6tigen Sorgen.<\/p>\n\n    <div class=\"xs_social_share_widget xs_share_url after_content \t\tmain_content  wslu-style-1 wslu-share-box-shaped wslu-fill-colored wslu-none wslu-share-horizontal wslu-theme-font-no wslu-main_content\">\n\n\t\t\n        <ul>\n\t\t\t        <\/ul>\n    <\/div> \n","protected":false},"excerpt":{"rendered":"<p>Bei TheLastBoot.com verf\u00fcgt jedes Produkt in unserem Sortiment \u00fcber eine 2-j\u00e4hrige Garantie, was unser Vertrauen in die erstklassige Qualit\u00e4t und Langlebigkeit unterstreicht. Wir stehen voll und ganz hinter unseren Angeboten, wissen aber auch, dass in seltenen F\u00e4llen Herstellungsfehler auftreten k\u00f6nnen. Sollten Sie auf ein solches Problem sto\u00dfen, bedauern wir die Unannehmlichkeiten sehr und setzen alles [&hellip;]<\/p>\n","protected":false},"author":1,"featured_media":0,"parent":0,"menu_order":0,"comment_status":"closed","ping_status":"closed","template":"template-fullwidth.php","meta":{"slim_seo":{"title":"Garantiebedingungen - The Last Boot","description":"Bei TheLastBoot.com verf\u00fcgt jedes Produkt in unserem Sortiment \u00fcber eine 2-j\u00e4hrige Garantie, was unser Vertrauen in die erstklassige Qualit\u00e4t und Langlebigkeit"},"footnotes":""},"class_list":["post-8258","page","type-page","status-publish","hentry"],"_links":{"self":[{"href":"https:\/\/thelastboot.com\/de\/wp-json\/wp\/v2\/pages\/8258","targetHints":{"allow":["GET"]}}],"collection":[{"href":"https:\/\/thelastboot.com\/de\/wp-json\/wp\/v2\/pages"}],"about":[{"href":"https:\/\/thelastboot.com\/de\/wp-json\/wp\/v2\/types\/page"}],"author":[{"embeddable":true,"href":"https:\/\/thelastboot.com\/de\/wp-json\/wp\/v2\/users\/1"}],"replies":[{"embeddable":true,"href":"https:\/\/thelastboot.com\/de\/wp-json\/wp\/v2\/comments?post=8258"}],"version-history":[{"count":1,"href":"https:\/\/thelastboot.com\/de\/wp-json\/wp\/v2\/pages\/8258\/revisions"}],"predecessor-version":[{"id":8259,"href":"https:\/\/thelastboot.com\/de\/wp-json\/wp\/v2\/pages\/8258\/revisions\/8259"}],"wp:attachment":[{"href":"https:\/\/thelastboot.com\/de\/wp-json\/wp\/v2\/media?parent=8258"}],"curies":[{"name":"wp","href":"https:\/\/api.w.org\/{rel}","templated":true}]}}