{"id":8309,"date":"2025-12-03T20:33:30","date_gmt":"2025-12-03T20:33:30","guid":{"rendered":"https:\/\/thelastboot.com\/product\/samelin-high-aviator-lederstiefel-schwarz\/"},"modified":"2026-04-26T19:56:44","modified_gmt":"2026-04-26T19:56:44","slug":"samelin-high-aviator-lederstiefel-schwarz","status":"publish","type":"product","link":"https:\/\/thelastboot.com\/de\/produkt\/samelin-high-aviator-lederstiefel-schwarz\/","title":{"rendered":"Samelin High Aviator Lederstiefel \u2013 Schwarz"},"content":{"rendered":"\n<div class=\"wp-block-group alignfull has-global-padding is-layout-constrained wp-container-core-group-is-layout-e220c6fd wp-block-group-is-layout-constrained\" style=\"margin-top:0;margin-bottom:0;padding-top:calc( 0.5 * var(--wp--style--root--padding-right, var(--wp--custom--gap--horizontal)));padding-right:var(--wp--style--root--padding-right, var(--wp--custom--gap--horizontal));padding-bottom:calc( 0.5 * var(--wp--style--root--padding-right, var(--wp--custom--gap--horizontal)));padding-left:var(--wp--style--root--padding-left, var(--wp--custom--gap--horizontal))\">\n<div class=\"wp-block-columns alignwide are-vertically-aligned-center is-layout-flex wp-container-core-columns-is-layout-cbe57604 wp-block-columns-is-layout-flex\">\n<div class=\"wp-block-column is-vertically-aligned-center is-layout-flow wp-block-column-is-layout-flow\">\n<figure class=\"wp-block-image aligncenter size-full has-custom-border\"><img decoding=\"async\" width=\"300\" height=\"59\" src=\"https:\/\/thelastboot.com\/wp-content\/uploads\/2025\/12\/samelin-logo.webp\" alt=\"Samelin logo\" class=\"wp-image-7936\" style=\"border-style:none;border-width:0px;border-radius:100em;aspect-ratio:1;object-fit:contain\" srcset=\"https:\/\/thelastboot.com\/wp-content\/uploads\/2025\/12\/samelin-logo.webp 300w, https:\/\/thelastboot.com\/wp-content\/uploads\/2025\/12\/samelin-logo-18x4.webp 18w, https:\/\/thelastboot.com\/wp-content\/uploads\/2025\/12\/samelin-logo-150x30.webp 150w\" sizes=\"(max-width: 300px) 100vw, 300px\" \/><\/figure>\n<\/div>\n\n\n\n<div class=\"wp-block-column is-vertically-aligned-center is-layout-flow wp-block-column-is-layout-flow\">\n<h2 class=\"wp-block-heading alignwide\">\u00dcBER DIE MARKE<\/h2>\n\n\n\n<p>Samelin stellt seit \u00fcber 75 Jahren hochwertige Stiefel in Estland her. Ihre Kampfstiefel <a href=\"https:\/\/defence.ee\/news\/samelin-as-has-been-producing-high-quality-special-technology-footwear-for-decades\/\" title=\"werden von NATO-Armeen\">werden von NATO-Armeen<\/a> getragen, darunter Deutschland, Norwegen, Estland und Finnland. Bekannt f\u00fcr ihre extreme Langlebigkeit produziert Samelin au\u00dferdem kompromisslose Milit\u00e4r-, Arbeits- und Wanderstiefel.  Alle Samelin Kampfstiefel erf\u00fcllen die NATO AQAP 2110- und ISO 9001-Standards. 2017 wurde <a href=\"https:\/\/www.samelin.ee\/more-about-us-and-quality-principles\" title=\"SSamelin zum &#x201E;Verteidigungsunternehmen des Jahres&#x201C; in Estland ausgezeichnet\">Samelin zum \u201eVerteidigungsunternehmen des Jahres\u201c in Estland ausgezeichnet<\/a>. Obwohl The Last Boot noch kein offizieller Samelin-H\u00e4ndler ist, geben wir unser Bestes, um dies in Zukunft zu erm\u00f6glichen.<\/p>\n<\/div>\n<\/div>\n<\/div>\n\n<hr class=\"wp-block-separator has-alpha-channel-opacity is-style-default\"\/>\n\n<h2 class=\"wp-block-heading has-text-align-center\" id=\"certificates\">Zertifizierungen<\/h2>\n\n<div class=\"wp-block-columns is-layout-flex wp-container-core-columns-is-layout-28f84493 wp-block-columns-is-layout-flex\">\n<div class=\"wp-block-column is-layout-flow wp-block-column-is-layout-flow\">\n<figure class=\"wp-block-gallery has-nested-images columns-default is-cropped wp-block-gallery-1 is-layout-flex wp-block-gallery-is-layout-flex\">\n<figure data-wp-context=\"{&quot;imageId&quot;:&quot;69fcc61028728&quot;}\" data-wp-interactive=\"core\/image\" data-wp-key=\"69fcc61028728\" class=\"wp-block-image size-large wp-lightbox-container\"><img fetchpriority=\"high\" decoding=\"async\" width=\"724\" height=\"1024\" data-wp-class--hide=\"state.isContentHidden\" data-wp-class--show=\"state.isContentVisible\" data-wp-init=\"callbacks.setButtonStyles\" data-wp-on--click=\"actions.showLightbox\" data-wp-on--load=\"callbacks.setButtonStyles\" data-wp-on-window--resize=\"callbacks.setButtonStyles\" data-id=\"8529\" src=\"https:\/\/thelastboot.com\/wp-content\/uploads\/2026\/04\/samelin-AQAP-certificate-724x1024.webp\" alt=\"Samelin NATO-AQAP Zertifikat\" class=\"wp-image-8529\" srcset=\"https:\/\/thelastboot.com\/wp-content\/uploads\/2026\/04\/samelin-AQAP-certificate-724x1024.webp 724w, https:\/\/thelastboot.com\/wp-content\/uploads\/2026\/04\/samelin-AQAP-certificate-212x300.webp 212w, https:\/\/thelastboot.com\/wp-content\/uploads\/2026\/04\/samelin-AQAP-certificate-768x1087.webp 768w, https:\/\/thelastboot.com\/wp-content\/uploads\/2026\/04\/samelin-AQAP-certificate-441x624.webp 441w, https:\/\/thelastboot.com\/wp-content\/uploads\/2026\/04\/samelin-AQAP-certificate-300x425.webp 300w, https:\/\/thelastboot.com\/wp-content\/uploads\/2026\/04\/samelin-AQAP-certificate-150x212.webp 150w, https:\/\/thelastboot.com\/wp-content\/uploads\/2026\/04\/samelin-AQAP-certificate.webp 800w\" sizes=\"(max-width: 724px) 100vw, 724px\" \/><button\n\t\t\tclass=\"lightbox-trigger\"\n\t\t\ttype=\"button\"\n\t\t\taria-haspopup=\"dialog\"\n\t\t\taria-label=\"Vergr\u00f6\u00dfern\"\n\t\t\tdata-wp-init=\"callbacks.initTriggerButton\"\n\t\t\tdata-wp-on--click=\"actions.showLightbox\"\n\t\t\tdata-wp-style--right=\"state.imageButtonRight\"\n\t\t\tdata-wp-style--top=\"state.imageButtonTop\"\n\t\t>\n\t\t\t<svg xmlns=\"http:\/\/www.w3.org\/2000\/svg\" width=\"12\" height=\"12\" fill=\"none\" viewBox=\"0 0 12 12\">\n\t\t\t\t<path fill=\"#fff\" d=\"M2 0a2 2 0 0 0-2 2v2h1.5V2a.5.5 0 0 1 .5-.5h2V0H2Zm2 10.5H2a.5.5 0 0 1-.5-.5V8H0v2a2 2 0 0 0 2 2h2v-1.5ZM8 12v-1.5h2a.5.5 0 0 0 .5-.5V8H12v2a2 2 0 0 1-2 2H8Zm2-12a2 2 0 0 1 2 2v2h-1.5V2a.5.5 0 0 0-.5-.5H8V0h2Z\" \/>\n\t\t\t<\/svg>\n\t\t<\/button><figcaption class=\"wp-element-caption\">Samelin NATO-AQAP Zertifikat<\/figcaption><\/figure>\n\n\n\n<figure data-wp-context=\"{&quot;imageId&quot;:&quot;69fcc61028afa&quot;}\" data-wp-interactive=\"core\/image\" data-wp-key=\"69fcc61028afa\" class=\"wp-block-image size-large wp-lightbox-container\"><img decoding=\"async\" width=\"724\" height=\"1024\" data-wp-class--hide=\"state.isContentHidden\" data-wp-class--show=\"state.isContentVisible\" data-wp-init=\"callbacks.setButtonStyles\" data-wp-on--click=\"actions.showLightbox\" data-wp-on--load=\"callbacks.setButtonStyles\" data-wp-on-window--resize=\"callbacks.setButtonStyles\" data-id=\"8528\" src=\"https:\/\/thelastboot.com\/wp-content\/uploads\/2026\/04\/samelin-9001-14001-certificate-724x1024.webp\" alt=\"Samelin 9001-14001 Zertifikat\" class=\"wp-image-8528\" srcset=\"https:\/\/thelastboot.com\/wp-content\/uploads\/2026\/04\/samelin-9001-14001-certificate-724x1024.webp 724w, https:\/\/thelastboot.com\/wp-content\/uploads\/2026\/04\/samelin-9001-14001-certificate-212x300.webp 212w, https:\/\/thelastboot.com\/wp-content\/uploads\/2026\/04\/samelin-9001-14001-certificate-768x1087.webp 768w, https:\/\/thelastboot.com\/wp-content\/uploads\/2026\/04\/samelin-9001-14001-certificate-441x624.webp 441w, https:\/\/thelastboot.com\/wp-content\/uploads\/2026\/04\/samelin-9001-14001-certificate-300x425.webp 300w, https:\/\/thelastboot.com\/wp-content\/uploads\/2026\/04\/samelin-9001-14001-certificate-150x212.webp 150w, https:\/\/thelastboot.com\/wp-content\/uploads\/2026\/04\/samelin-9001-14001-certificate.webp 800w\" sizes=\"(max-width: 724px) 100vw, 724px\" \/><button\n\t\t\tclass=\"lightbox-trigger\"\n\t\t\ttype=\"button\"\n\t\t\taria-haspopup=\"dialog\"\n\t\t\taria-label=\"Vergr\u00f6\u00dfern\"\n\t\t\tdata-wp-init=\"callbacks.initTriggerButton\"\n\t\t\tdata-wp-on--click=\"actions.showLightbox\"\n\t\t\tdata-wp-style--right=\"state.imageButtonRight\"\n\t\t\tdata-wp-style--top=\"state.imageButtonTop\"\n\t\t>\n\t\t\t<svg xmlns=\"http:\/\/www.w3.org\/2000\/svg\" width=\"12\" height=\"12\" fill=\"none\" viewBox=\"0 0 12 12\">\n\t\t\t\t<path fill=\"#fff\" d=\"M2 0a2 2 0 0 0-2 2v2h1.5V2a.5.5 0 0 1 .5-.5h2V0H2Zm2 10.5H2a.5.5 0 0 1-.5-.5V8H0v2a2 2 0 0 0 2 2h2v-1.5ZM8 12v-1.5h2a.5.5 0 0 0 .5-.5V8H12v2a2 2 0 0 1-2 2H8Zm2-12a2 2 0 0 1 2 2v2h-1.5V2a.5.5 0 0 0-.5-.5H8V0h2Z\" \/>\n\t\t\t<\/svg>\n\t\t<\/button><figcaption class=\"wp-element-caption\">Samelin 9001-14001 Zertifikat<\/figcaption><\/figure>\n<\/figure>\n<\/div>\n<\/div>\n\n<figure class=\"wp-block-embed is-type-video is-provider-youtube wp-block-embed-youtube wp-embed-aspect-16-9 wp-has-aspect-ratio\" style=\"margin-top:10px\"><div class=\"wp-block-embed__wrapper\">\n<div class=\"video-container\"><iframe title=\"Samelin 2021\" width=\"1170\" height=\"658\" src=\"https:\/\/www.youtube.com\/embed\/A9953dyr6MY?feature=oembed\" frameborder=\"0\" allow=\"accelerometer; autoplay; clipboard-write; encrypted-media; gyroscope; picture-in-picture; web-share\" referrerpolicy=\"strict-origin-when-cross-origin\" allowfullscreen><\/iframe><\/div>\n<\/div><\/figure>\n\n<h2 class=\"wp-block-heading has-text-align-center\" style=\"margin-top:25px\">FAQ<\/h2>\n\n<div data-wp-context=\"{ &quot;autoclose&quot;: false, &quot;accordionItems&quot;: [] }\" data-wp-interactive=\"core\/accordion\" role=\"group\" class=\"wp-block-accordion is-layout-flow wp-block-accordion-is-layout-flow\">\n<div data-wp-class--is-open=\"state.isOpen\" data-wp-context=\"{ &quot;id&quot;: &quot;accordion-item-2&quot;, &quot;openByDefault&quot;: false }\" data-wp-init=\"callbacks.initAccordionItems\" data-wp-on-window--hashchange=\"callbacks.hashChange\" class=\"wp-block-accordion-item is-layout-flow wp-block-accordion-item-is-layout-flow\">\n<h3 class=\"wp-block-accordion-heading\"><button aria-expanded=\"false\" aria-controls=\"accordion-item-2-panel\" data-wp-bind--aria-expanded=\"state.isOpen\" data-wp-on--click=\"actions.toggle\" data-wp-on--keydown=\"actions.handleKeyDown\" id=\"accordion-item-2\" type=\"button\" class=\"wp-block-accordion-heading__toggle\"><span class=\"wp-block-accordion-heading__toggle-title\">Wie lange dauert es, bis ich meine Bestellung erhalte?<\/span><span class=\"wp-block-accordion-heading__toggle-icon\" aria-hidden=\"true\">+<\/span><\/button><\/h3>\n\n\n\n<div inert aria-labelledby=\"accordion-item-2\" data-wp-bind--inert=\"!state.isOpen\" id=\"accordion-item-2-panel\" role=\"region\" class=\"wp-block-accordion-panel is-layout-flow wp-block-accordion-panel-is-layout-flow\">\n<p>Bestellungen werden innerhalb von 1 Werktag (Montag\u2013Freitag, CET) bearbeitet. Nach dem Versand betr\u00e4gt die Lieferzeit in der Regel 3\u20138 Werktage, abh\u00e4ngig von deinem Standort. Bestellungen, die am Wochenende oder an Feiertagen eingehen, werden am n\u00e4chsten Werktag bearbeitet. In seltenen F\u00e4llen kann es durch unvorhersehbare Ereignisse wie Verz\u00f6gerungen beim Versanddienstleister zu l\u00e4ngeren Lieferzeiten kommen. Weitere Details findest du auf der Seite zu <a href=\"https:\/\/thelastboot.com\/de\/versand-lieferung\/\">Versand &amp; Lieferung<\/a>.<\/p>\n<\/div>\n<\/div>\n\n\n\n<div data-wp-class--is-open=\"state.isOpen\" data-wp-context=\"{ &quot;id&quot;: &quot;accordion-item-3&quot;, &quot;openByDefault&quot;: false }\" data-wp-init=\"callbacks.initAccordionItems\" data-wp-on-window--hashchange=\"callbacks.hashChange\" class=\"wp-block-accordion-item is-layout-flow wp-block-accordion-item-is-layout-flow\">\n<h3 class=\"wp-block-accordion-heading\"><button aria-expanded=\"false\" aria-controls=\"accordion-item-3-panel\" data-wp-bind--aria-expanded=\"state.isOpen\" data-wp-on--click=\"actions.toggle\" data-wp-on--keydown=\"actions.handleKeyDown\" id=\"accordion-item-3\" type=\"button\" class=\"wp-block-accordion-heading__toggle\" style=\"padding-top:0px;padding-bottom:0px\"><span class=\"wp-block-accordion-heading__toggle-title\">Wie sind eure R\u00fcckgabe- und Umtauschbedingungen?<\/span><span class=\"wp-block-accordion-heading__toggle-icon\" aria-hidden=\"true\">+<\/span><\/button><\/h3>\n\n\n\n<div inert aria-labelledby=\"accordion-item-3\" data-wp-bind--inert=\"!state.isOpen\" id=\"accordion-item-3-panel\" role=\"region\" class=\"wp-block-accordion-panel is-layout-flow wp-block-accordion-panel-is-layout-flow\">\n<p>Du kannst deine Bestellung innerhalb von 30 Tagen nach Lieferung problemlos zur\u00fcckgeben. Zur\u00fcckgesendete Artikel m\u00fcssen unbenutzt, im Originalzustand und in der Originalverpackung sein. Deine R\u00fcckerstattung erfolgt schnell, sobald wir die R\u00fccksendung erhalten und gepr\u00fcft haben. Umtausch erfolgt genauso einfach: R\u00fccksenden und anschlie\u00dfend bequem neu bestellen. Alle Details findest du auf unseren Seiten zu <a href=\"https:\/\/thelastboot.com\/de\/rueckgabe-erstattung\/\">R\u00fcckgabe &amp; Erstattung <\/a>sowie <a href=\"https:\/\/thelastboot.com\/de\/widerrufsrecht\/\">Widerrufsrecht<\/a>.<\/p>\n<\/div>\n<\/div>\n\n\n\n<div data-wp-class--is-open=\"state.isOpen\" data-wp-context=\"{ &quot;id&quot;: &quot;accordion-item-4&quot;, &quot;openByDefault&quot;: false }\" data-wp-init=\"callbacks.initAccordionItems\" data-wp-on-window--hashchange=\"callbacks.hashChange\" class=\"wp-block-accordion-item is-layout-flow wp-block-accordion-item-is-layout-flow\">\n<h3 class=\"wp-block-accordion-heading\"><button aria-expanded=\"false\" aria-controls=\"accordion-item-4-panel\" data-wp-bind--aria-expanded=\"state.isOpen\" data-wp-on--click=\"actions.toggle\" data-wp-on--keydown=\"actions.handleKeyDown\" id=\"accordion-item-4\" type=\"button\" class=\"wp-block-accordion-heading__toggle\"><span class=\"wp-block-accordion-heading__toggle-title\">Wie kann ich meine Lieferadresse \u00e4ndern?<\/span><span class=\"wp-block-accordion-heading__toggle-icon\" aria-hidden=\"true\">+<\/span><\/button><\/h3>\n\n\n\n<div inert aria-labelledby=\"accordion-item-4\" data-wp-bind--inert=\"!state.isOpen\" id=\"accordion-item-4-panel\" role=\"region\" class=\"wp-block-accordion-panel is-layout-flow wp-block-accordion-panel-is-layout-flow\">\n<p>Wenn deine Bestellung noch nicht versendet wurde, kannst du deine Lieferadresse \u00e4ndern, indem du uns schnellstm\u00f6glich unter <a href=\"mailto:hello@thelastboot.com\">hello@thelastboot.com<\/a> kontaktierst. Sobald deine Bestellung versendet wurde, ist eine \u00c4nderung der Lieferadresse leider nicht mehr m\u00f6glich. Weitere Informationen findest du auf unserer Seite zu <a href=\"https:\/\/thelastboot.com\/de\/versand-lieferung\/\">Versand &amp; Lieferung<\/a>.<\/p>\n<\/div>\n<\/div>\n\n\n\n<div data-wp-class--is-open=\"state.isOpen\" data-wp-context=\"{ &quot;id&quot;: &quot;accordion-item-5&quot;, &quot;openByDefault&quot;: false }\" data-wp-init=\"callbacks.initAccordionItems\" data-wp-on-window--hashchange=\"callbacks.hashChange\" class=\"wp-block-accordion-item is-layout-flow wp-block-accordion-item-is-layout-flow\">\n<h3 class=\"wp-block-accordion-heading\"><button aria-expanded=\"false\" aria-controls=\"accordion-item-5-panel\" data-wp-bind--aria-expanded=\"state.isOpen\" data-wp-on--click=\"actions.toggle\" data-wp-on--keydown=\"actions.handleKeyDown\" id=\"accordion-item-5\" type=\"button\" class=\"wp-block-accordion-heading__toggle\"><span class=\"wp-block-accordion-heading__toggle-title\">Wie kann ich den Status meiner Bestellung verfolgen?<\/span><span class=\"wp-block-accordion-heading__toggle-icon\" aria-hidden=\"true\">+<\/span><\/button><\/h3>\n\n\n\n<div inert aria-labelledby=\"accordion-item-5\" data-wp-bind--inert=\"!state.isOpen\" id=\"accordion-item-5-panel\" role=\"region\" class=\"wp-block-accordion-panel is-layout-flow wp-block-accordion-panel-is-layout-flow\">\n<p>Sobald deine Bestellung versendet wurde, erh\u00e4ltst du eine E-Mail mit deiner Sendungsverfolgungsnummer. Mit dieser Nummer kannst du deine Bestellung jederzeit direkt auf unserer Website \u00fcber die <a href=\"https:\/\/thelastboot.com\/de\/sendungsverfolgung\/\">Sendungsverfolgungsseite verfolgen<\/a>.<br\/>Weitere Informationen findest du auf unserer Seite zu <a href=\"https:\/\/thelastboot.com\/de\/versand-lieferung\/\">Versand &amp; Lieferung<\/a>.<\/p>\n<\/div>\n<\/div>\n\n\n\n<div data-wp-class--is-open=\"state.isOpen\" data-wp-context=\"{ &quot;id&quot;: &quot;accordion-item-6&quot;, &quot;openByDefault&quot;: false }\" data-wp-init=\"callbacks.initAccordionItems\" data-wp-on-window--hashchange=\"callbacks.hashChange\" class=\"wp-block-accordion-item is-layout-flow wp-block-accordion-item-is-layout-flow\">\n<h3 class=\"wp-block-accordion-heading\"><button aria-expanded=\"false\" aria-controls=\"accordion-item-6-panel\" data-wp-bind--aria-expanded=\"state.isOpen\" data-wp-on--click=\"actions.toggle\" data-wp-on--keydown=\"actions.handleKeyDown\" id=\"accordion-item-6\" type=\"button\" class=\"wp-block-accordion-heading__toggle\"><span class=\"wp-block-accordion-heading__toggle-title\">Wie erhalte ich Kundenservice?<\/span><span class=\"wp-block-accordion-heading__toggle-icon\" aria-hidden=\"true\">+<\/span><\/button><\/h3>\n\n\n\n<div inert aria-labelledby=\"accordion-item-6\" data-wp-bind--inert=\"!state.isOpen\" id=\"accordion-item-6-panel\" role=\"region\" class=\"wp-block-accordion-panel is-layout-flow wp-block-accordion-panel-is-layout-flow\">\n<p>Unser Kundenservice ist von Montag bis Freitag von 8:00 bis 17:00 Uhr (CET) f\u00fcr dich erreichbar. <br\/>Du erreichst uns jederzeit per E-Mail unter <a href=\"mailto:hello@thelastboot.com\">hello@thelastboot.com<\/a>. In der Regel erh\u00e4ltst du innerhalb von 1 Werktag eine Antwort. Weitere Informationen findest du auf unserer Seite mit den <a href=\"https:\/\/thelastboot.com\/de\/allgemeine-geschaeftsbedingungen\/\">Allgemeinen Gesch\u00e4ftsbedingungen<\/a>.<\/p>\n<\/div>\n<\/div>\n\n\n\n<div data-wp-class--is-open=\"state.isOpen\" data-wp-context=\"{ &quot;id&quot;: &quot;accordion-item-7&quot;, &quot;openByDefault&quot;: false }\" data-wp-init=\"callbacks.initAccordionItems\" data-wp-on-window--hashchange=\"callbacks.hashChange\" class=\"wp-block-accordion-item is-layout-flow wp-block-accordion-item-is-layout-flow\">\n<h3 class=\"wp-block-accordion-heading\"><button aria-expanded=\"false\" aria-controls=\"accordion-item-7-panel\" data-wp-bind--aria-expanded=\"state.isOpen\" data-wp-on--click=\"actions.toggle\" data-wp-on--keydown=\"actions.handleKeyDown\" id=\"accordion-item-7\" type=\"button\" class=\"wp-block-accordion-heading__toggle\"><span class=\"wp-block-accordion-heading__toggle-title\">Was soll ich tun, wenn ich eine falsche Lieferadresse angegeben habe?<\/span><span class=\"wp-block-accordion-heading__toggle-icon\" aria-hidden=\"true\">+<\/span><\/button><\/h3>\n\n\n\n<div inert aria-labelledby=\"accordion-item-7\" data-wp-bind--inert=\"!state.isOpen\" id=\"accordion-item-7-panel\" role=\"region\" class=\"wp-block-accordion-panel is-layout-flow wp-block-accordion-panel-is-layout-flow\">\n<p>Wenn dir eine falsche Lieferadresse auff\u00e4llt, kontaktiere uns bitte sofort unter <a href=\"mailto:hello@thelastboot.com\">hello@thelastboot.com<\/a>. Solange deine Bestellung noch nicht versendet wurde, k\u00f6nnen wir die Adresse korrigieren. Wurde sie bereits verschickt, k\u00f6nnen Lieferprobleme durch falsche Angaben entstehen und eine neue Bestellung erforderlich sein.<br\/>Weitere Details findest du auf unseren Seiten zu <a href=\"https:\/\/thelastboot.com\/de\/versand-lieferung\/\">Versand &amp; Lieferung<\/a> sowie den <a href=\"https:\/\/thelastboot.com\/de\/allgemeine-geschaeftsbedingungen\/\">Allgemeinen Gesch\u00e4ftsbedingungen.<\/a><\/p>\n<\/div>\n<\/div>\n\n\n\n<div data-wp-class--is-open=\"state.isOpen\" data-wp-context=\"{ &quot;id&quot;: &quot;accordion-item-8&quot;, &quot;openByDefault&quot;: false }\" data-wp-init=\"callbacks.initAccordionItems\" data-wp-on-window--hashchange=\"callbacks.hashChange\" class=\"wp-block-accordion-item is-layout-flow wp-block-accordion-item-is-layout-flow\">\n<h3 class=\"wp-block-accordion-heading\"><button aria-expanded=\"false\" aria-controls=\"accordion-item-8-panel\" data-wp-bind--aria-expanded=\"state.isOpen\" data-wp-on--click=\"actions.toggle\" data-wp-on--keydown=\"actions.handleKeyDown\" id=\"accordion-item-8\" type=\"button\" class=\"wp-block-accordion-heading__toggle\"><span class=\"wp-block-accordion-heading__toggle-title\">Liefern Sie in mein Land?<\/span><span class=\"wp-block-accordion-heading__toggle-icon\" aria-hidden=\"true\">+<\/span><\/button><\/h3>\n\n\n\n<div inert aria-labelledby=\"accordion-item-8\" data-wp-bind--inert=\"!state.isOpen\" id=\"accordion-item-8-panel\" role=\"region\" class=\"wp-block-accordion-panel is-layout-flow wp-block-accordion-panel-is-layout-flow\">\n<p>Aktuell liefern wir in alle L\u00e4nder der Europ\u00e4ischen Union. Eine Erweiterung auf weitere L\u00e4nder ist in Zukunft geplant.<br\/>Weitere Informationen findest du auf unserer Seite zu <a href=\"https:\/\/thelastboot.com\/de\/versand-lieferung\/\">Versand &amp; Lieferung<\/a>.<\/p>\n<\/div>\n<\/div>\n\n\n\n<div data-wp-class--is-open=\"state.isOpen\" data-wp-context=\"{ &quot;id&quot;: &quot;accordion-item-9&quot;, &quot;openByDefault&quot;: false }\" data-wp-init=\"callbacks.initAccordionItems\" data-wp-on-window--hashchange=\"callbacks.hashChange\" class=\"wp-block-accordion-item is-layout-flow wp-block-accordion-item-is-layout-flow\">\n<h3 class=\"wp-block-accordion-heading\"><button aria-expanded=\"false\" aria-controls=\"accordion-item-9-panel\" data-wp-bind--aria-expanded=\"state.isOpen\" data-wp-on--click=\"actions.toggle\" data-wp-on--keydown=\"actions.handleKeyDown\" id=\"accordion-item-9\" type=\"button\" class=\"wp-block-accordion-heading__toggle\"><span class=\"wp-block-accordion-heading__toggle-title\">Werden meine Artikel in einem Paket geliefert?<\/span><span class=\"wp-block-accordion-heading__toggle-icon\" aria-hidden=\"true\">+<\/span><\/button><\/h3>\n\n\n\n<div inert aria-labelledby=\"accordion-item-9\" data-wp-bind--inert=\"!state.isOpen\" id=\"accordion-item-9-panel\" role=\"region\" class=\"wp-block-accordion-panel is-layout-flow wp-block-accordion-panel-is-layout-flow\">\n<p>In den meisten F\u00e4llen werden Artikel aus derselben Bestellung gemeinsam versendet. Sollten Produkte aus logistischen Gr\u00fcnden separat verschickt werden, erh\u00e4ltst du f\u00fcr jede Sendung eine eigene Sendungsverfolgung.<br\/>Weitere Informationen findest du auf unserer Seite zu <a href=\"https:\/\/thelastboot.com\/de\/versand-lieferung\/\">Versand &amp; Lieferung.<\/a><\/p>\n<\/div>\n<\/div>\n<\/div>\n<div id=\"omnisend-embedded-v2-69c2de8daa7dfd37e4e80370\"><\/div>\n\n    <div class=\"xs_social_share_widget xs_share_url after_content \t\tmain_content  wslu-style-1 wslu-share-box-shaped wslu-fill-colored wslu-none wslu-share-horizontal wslu-theme-font-no wslu-main_content\">\n\n\t\t\n        <ul>\n\t\t\t        <\/ul>\n    <\/div> \n","protected":false},"excerpt":{"rendered":"<p>Die 516, auch bekannt als High Aviator Boots, sind eine h\u00f6here, strukturiertere Version unserer Aviator-Serie. Sie bestehen aus wasserabweisendem Echtleder mit einem st\u00fctzenden hohen Schaft und einer zuverl\u00e4ssigen, direktgespritzten PU-Au\u00dfensohle f\u00fcr den langfristigen t\u00e4glichen Einsatz.<\/p>\n<p>Die Innenausstattung aus Leder bietet ein nat\u00fcrliches Tragegef\u00fchl, und viele Nutzer kombinieren diese Stiefel mit warmen Socken, wenn zus\u00e4tzliche Isolierung ben\u00f6tigt wird. Die herausnehmbare antibakterielle Einlegesohle ist waschbar, um sie frisch zu halten.<\/p>\n<p>Hergestellt von Samelin in Estland unter Einhaltung der <a href=\"#certificates\">Standards NATO AQAP 2110 und ISO 9001<\/a>.<\/p>\n<p data-start=\"377\" data-end=\"414\">\u2705 Konzipiert f\u00fcr den langfristigen t\u00e4glichen Einsatz<\/p>\n<p data-start=\"418\" data-end=\"453\">\u2705 St\u00fctzende Stabilit\u00e4t durch hohen Schaft<\/p>\n<p data-start=\"457\" data-end=\"493\">\u2705 Angenehmes nat\u00fcrliches Ledergef\u00fchl<\/p>\n<div id=\"gtx-trans\" style=\"position: absolute; left: 382px; top: 278px;\">\n<div class=\"gtx-trans-icon\">\u00a0<\/div>\n<\/div>\n","protected":false},"featured_media":8312,"comment_status":"open","ping_status":"closed","template":"","meta":{"slim_seo":{"title":"Samelin High Aviator Lederstiefel \u2013 Schwarz","description":"Die 516, auch bekannt als High Aviator Boots, sind eine h\u00f6here, strukturiertere Version unserer Aviator-Serie. Sie bestehen aus wasserabweisendem Echtleder mit"}},"product_brand":[160],"product_cat":[141],"product_tag":[],"woo-feed-brand":[159],"class_list":{"0":"post-8309","1":"product","2":"type-product","3":"status-publish","4":"has-post-thumbnail","6":"product_brand-samelin","7":"product_cat-alle-stiefel","8":"woo-feed-brand-samelin","10":"first","11":"instock","12":"taxable","13":"shipping-taxable","14":"purchasable","15":"product-type-variable"},"_links":{"self":[{"href":"https:\/\/thelastboot.com\/de\/wp-json\/wp\/v2\/product\/8309","targetHints":{"allow":["GET"]}}],"collection":[{"href":"https:\/\/thelastboot.com\/de\/wp-json\/wp\/v2\/product"}],"about":[{"href":"https:\/\/thelastboot.com\/de\/wp-json\/wp\/v2\/types\/product"}],"replies":[{"embeddable":true,"href":"https:\/\/thelastboot.com\/de\/wp-json\/wp\/v2\/comments?post=8309"}],"wp:featuredmedia":[{"embeddable":true,"href":"https:\/\/thelastboot.com\/de\/wp-json\/wp\/v2\/media\/8312"}],"wp:attachment":[{"href":"https:\/\/thelastboot.com\/de\/wp-json\/wp\/v2\/media?parent=8309"}],"wp:term":[{"taxonomy":"product_brand","embeddable":true,"href":"https:\/\/thelastboot.com\/de\/wp-json\/wp\/v2\/product_brand?post=8309"},{"taxonomy":"product_cat","embeddable":true,"href":"https:\/\/thelastboot.com\/de\/wp-json\/wp\/v2\/product_cat?post=8309"},{"taxonomy":"product_tag","embeddable":true,"href":"https:\/\/thelastboot.com\/de\/wp-json\/wp\/v2\/product_tag?post=8309"},{"taxonomy":"woo-feed-brand","embeddable":true,"href":"https:\/\/thelastboot.com\/de\/wp-json\/wp\/v2\/woo-feed-brand?post=8309"}],"curies":[{"name":"wp","href":"https:\/\/api.w.org\/{rel}","templated":true}]}}